{"id":92,"date":"2025-02-19T09:42:26","date_gmt":"2025-02-19T09:42:26","guid":{"rendered":"https:\/\/www.huskova.cz\/?page_id=92"},"modified":"2025-02-19T09:42:26","modified_gmt":"2025-02-19T09:42:26","slug":"vnitrni-oznamovaci-system","status":"publish","type":"page","link":"https:\/\/www.huskova.cz\/?page_id=92","title":{"rendered":"Vnit\u0159n\u00ed oznamovac\u00ed syst\u00e9m"},"content":{"rendered":"\n<p>Spole\u010dnost BH da\u0148ov\u00e1 kancel\u00e1\u0159, s.r.o. zavedla intern\u00ed syst\u00e9m pro oznamov\u00e1n\u00ed mo\u017en\u00e9ho protipr\u00e1vn\u00edho jedn\u00e1n\u00ed \u2013 Vnit\u0159n\u00ed oznamovac\u00ed syst\u00e9m, a to v souladu se sm\u011brnic\u00ed Evropsk\u00e9ho parlamentu a Rady (EU) 2019\/1937 ze dne 23.10.2019 o ochran\u011b osob, kter\u00e9 oznamuj\u00ed poru\u0161en\u00ed pr\u00e1va Unie, a z\u00e1konem \u010d. 171\/2023 Sb., o ochran\u011b oznamovatel\u016f (d\u00e1le jen \u201eZ\u00e1kon o ochran\u011b oznamovatel\u016f\u201c).<br>Vnit\u0159n\u00ed oznamovac\u00ed syst\u00e9m je provozov\u00e1n dle \u00a7 21 odst. 6 p\u00edsm. b) AML z\u00e1kona a dle z\u00e1kona o ochran\u011b oznamovatel\u016f.<br>Ozn\u00e1men\u00ed o poru\u0161en\u00ed povinnost\u00ed dle AML z\u00e1kona a dal\u0161\u00ed ozn\u00e1men\u00ed ve smyslu \u00a7 2 odst. 1 z\u00e1kona o ochran\u011b oznamovatel\u016f lze podat n\u00e1sledovn\u011b:<br>\uf0a7 prost\u0159ednictv\u00edm e-mailu: blanka.huskova@huskova.cz<br>\uf0a7 telefonicky: +420 603 164 832<br>\uf0a7 osobn\u011b Ing. Blance Hu\u0161kov\u00e9 po p\u0159edchoz\u00ed e-mailov\u00e9 nebo telefonick\u00e9 domluv\u011b<br>Ozn\u00e1men\u00ed je opr\u00e1vn\u011bn u\u010dinit pouze zam\u011bstnanec a osoba, kter\u00e1 je pro spole\u010dnost BH da\u0148ov\u00e1 kancel\u00e1\u0159, s.r.o. \u010dinn\u00e1 jinak ne\u017e v z\u00e1kladn\u00edm pracovn\u011bpr\u00e1vn\u00edm vztahu, a to i anonymn\u011b.<br>Je zaji\u0161t\u011bna ochrana toto\u017enosti oznamovatele a ochrana p\u0159ed p\u0159\u00edpadn\u00fdmi odvetn\u00fdmi opat\u0159en\u00edmi veden\u00fdmi v\u016f\u010di oznamovateli a dal\u0161\u00edm osob\u00e1m, kter\u00fdm tato ochrana n\u00e1le\u017e\u00ed podle z\u00e1kona o ochran\u011b oznamovatel\u016f.<br>Ochrana p\u0159ed odvetn\u00fdm opat\u0159en\u00edm ale nen\u00e1le\u017e\u00ed osob\u011b, kter\u00e1 u\u010dinila ozn\u00e1men\u00ed, ani\u017e m\u011bla opr\u00e1vn\u011bn\u00e9 d\u016fvody se domn\u00edvat, \u017ee se zakl\u00e1d\u00e1 na pravdiv\u00fdch informac\u00edch. Pod\u00e1n\u00edm v\u011bdom\u011b nepravdiv\u00e9ho ozn\u00e1men\u00ed se takov\u00e1 osoba dopust\u00ed p\u0159estupku, za n\u011bj\u017e lze ulo\u017eit pokutu do 50 000 K\u010d.<br>Oznamovatel bere na v\u011bdom\u00ed, \u017ee Ing. Blanka Hu\u0161kov\u00e1 bude shroma\u017e\u010fovat, uchov\u00e1vat a zpracov\u00e1vat osobn\u00ed \u00fadaje oznamovatele uveden\u00e9 v jeho ozn\u00e1men\u00ed. Pr\u00e1vn\u00edm d\u016fvodem zpracov\u00e1n\u00ed osobn\u00edch \u00fadaj\u016f je pln\u011bn\u00ed z\u00e1konem stanoven\u00e9 povinnosti.<br>Ozn\u00e1men\u00ed o poru\u0161en\u00ed povinnost\u00ed dle AML z\u00e1kona a ozn\u00e1men\u00ed o poru\u0161en\u00ed z\u00e1kona o ochran\u011b oznamovatel\u016f je mo\u017en\u00e9 podat Komo\u0159e da\u0148ov\u00fdch poradc\u016f \u010cesk\u00e9 republiky (pokud BH da\u0148ov\u00e1 kancel\u00e1\u0159, s.r.o.) vystupuje v postaven\u00ed da\u0148ov\u00e9ho poradce), nebo Finan\u010dn\u00edmu analytick\u00e9mu \u00fa\u0159adu (pokud BH da\u0148ov\u00e1 kancel\u00e1\u0159 vystupuje v postaven\u00ed \u00fa\u010detn\u00edho poradce). Toto ozn\u00e1men\u00ed nelze podat Ministerstvu spravedlnosti.<br>Ostatn\u00ed ozn\u00e1men\u00ed ve smyslu \u00a7 2 odst. 1 z\u00e1kona o ochran\u011b oznamovatel\u016f, kter\u00e9 se net\u00fdk\u00e1 poru\u0161en\u00ed povinnost\u00ed dle AML z\u00e1kona nebo z\u00e1kona o ochran\u011b oznamovatel\u016f, je mo\u017en\u00e9 podat Ministerstvu spravedlnosti.<\/p>\n","protected":false},"excerpt":{"rendered":"<p>Spole\u010dnost BH da\u0148ov\u00e1 kancel\u00e1\u0159, s.r.o. zavedla intern\u00ed syst\u00e9m pro oznamov\u00e1n\u00ed mo\u017en\u00e9ho protipr\u00e1vn\u00edho jedn\u00e1n\u00ed \u2013 Vnit\u0159n\u00ed oznamovac\u00ed syst\u00e9m, a to v souladu se sm\u011brnic\u00ed Evropsk\u00e9ho parlamentu a Rady (EU) 2019\/1937 ze dne 23.10.2019 o ochran\u011b osob, kter\u00e9 oznamuj\u00ed poru\u0161en\u00ed pr\u00e1va Unie, a z\u00e1konem \u010d. 171\/2023 Sb., o ochran\u011b oznamovatel\u016f (d\u00e1le jen \u201eZ\u00e1kon o ochran\u011b oznamovatel\u016f\u201c).Vnit\u0159n\u00ed oznamovac\u00ed [&hellip;]<\/p>\n","protected":false},"author":1,"featured_media":0,"parent":0,"menu_order":0,"comment_status":"closed","ping_status":"closed","template":"","meta":{"footnotes":""},"class_list":["post-92","page","type-page","status-publish","hentry"],"_links":{"self":[{"href":"https:\/\/www.huskova.cz\/index.php?rest_route=\/wp\/v2\/pages\/92","targetHints":{"allow":["GET"]}}],"collection":[{"href":"https:\/\/www.huskova.cz\/index.php?rest_route=\/wp\/v2\/pages"}],"about":[{"href":"https:\/\/www.huskova.cz\/index.php?rest_route=\/wp\/v2\/types\/page"}],"author":[{"embeddable":true,"href":"https:\/\/www.huskova.cz\/index.php?rest_route=\/wp\/v2\/users\/1"}],"replies":[{"embeddable":true,"href":"https:\/\/www.huskova.cz\/index.php?rest_route=%2Fwp%2Fv2%2Fcomments&post=92"}],"version-history":[{"count":1,"href":"https:\/\/www.huskova.cz\/index.php?rest_route=\/wp\/v2\/pages\/92\/revisions"}],"predecessor-version":[{"id":93,"href":"https:\/\/www.huskova.cz\/index.php?rest_route=\/wp\/v2\/pages\/92\/revisions\/93"}],"wp:attachment":[{"href":"https:\/\/www.huskova.cz\/index.php?rest_route=%2Fwp%2Fv2%2Fmedia&parent=92"}],"curies":[{"name":"wp","href":"https:\/\/api.w.org\/{rel}","templated":true}]}}