{"id":9,"date":"2023-04-26T09:48:41","date_gmt":"2023-04-26T09:48:41","guid":{"rendered":"https:\/\/www.huskova.cz\/?page_id=9"},"modified":"2025-02-28T09:10:40","modified_gmt":"2025-02-28T09:10:40","slug":"o-nas","status":"publish","type":"page","link":"https:\/\/www.huskova.cz\/?page_id=9","title":{"rendered":"O n\u00e1s"},"content":{"rendered":"\n<p>Ing. Blanka Hu\u0161kov\u00e1 je da\u0148ov\u00fd poradce ji\u017e od roku 1995 a je zapsan\u00e1 v seznamu Komory da\u0148ov\u00fdch poradc\u016f \u010cesk\u00e9 republiky pod \u010d\u00edslem osv\u011bd\u010den\u00ed 3417.<\/p>\n\n\n\n<p>V sou\u010dasn\u00e9 dob\u011b m\u00e1 firma t\u0159i pobo\u010dky &#8211; v Pardubic\u00edch, \u017damberku a T\u011bchon\u00edn\u011b okres \u00dast\u00ed nad Orlic\u00ed.<\/p>\n\n\n\n<p>Poskytujeme slu\u017eby n\u011bkolika des\u00edtk\u00e1m firem po cel\u00e9 \u010cesk\u00e9 republice.<\/p>\n\n\n\n<p>V na\u0161\u00ed pr\u00e1ci klademe d\u016fraz na osobn\u00ed p\u0159\u00edstup ke ka\u017ed\u00e9mu z\u00e1kazn\u00edkovi.<\/p>\n\n\n\n<div class=\"wp-block-group\"><div class=\"wp-block-group__inner-container is-layout-constrained wp-block-group-is-layout-constrained\">\n<p>S\u00eddlo spole\u010dnosti: Da\u0161ick\u00e1 323, 530 03 Pardubice                         I\u010c: 07747586                                                                                     DI\u010c: CZ07747586                                                                     Spisov\u00e1 zna\u010dka: C 43055 veden\u00e1 u Krajsk\u00e9ho soudu v Hradci Kr\u00e1lov\u00e9                                                                                 Den z\u00e1pisu: 20. prosince 2018<\/p>\n<\/div><\/div>\n","protected":false},"excerpt":{"rendered":"<p>Ing. Blanka Hu\u0161kov\u00e1 je da\u0148ov\u00fd poradce ji\u017e od roku 1995 a je zapsan\u00e1 v seznamu Komory da\u0148ov\u00fdch poradc\u016f \u010cesk\u00e9 republiky pod \u010d\u00edslem osv\u011bd\u010den\u00ed 3417. V sou\u010dasn\u00e9 dob\u011b m\u00e1 firma t\u0159i pobo\u010dky &#8211; v Pardubic\u00edch, \u017damberku a T\u011bchon\u00edn\u011b okres \u00dast\u00ed nad Orlic\u00ed. Poskytujeme slu\u017eby n\u011bkolika des\u00edtk\u00e1m firem po cel\u00e9 \u010cesk\u00e9 republice. V na\u0161\u00ed pr\u00e1ci klademe d\u016fraz [&hellip;]<\/p>\n","protected":false},"author":2,"featured_media":0,"parent":8,"menu_order":0,"comment_status":"closed","ping_status":"closed","template":"","meta":{"footnotes":""},"class_list":["post-9","page","type-page","status-publish","hentry"],"_links":{"self":[{"href":"https:\/\/www.huskova.cz\/index.php?rest_route=\/wp\/v2\/pages\/9","targetHints":{"allow":["GET"]}}],"collection":[{"href":"https:\/\/www.huskova.cz\/index.php?rest_route=\/wp\/v2\/pages"}],"about":[{"href":"https:\/\/www.huskova.cz\/index.php?rest_route=\/wp\/v2\/types\/page"}],"author":[{"embeddable":true,"href":"https:\/\/www.huskova.cz\/index.php?rest_route=\/wp\/v2\/users\/2"}],"replies":[{"embeddable":true,"href":"https:\/\/www.huskova.cz\/index.php?rest_route=%2Fwp%2Fv2%2Fcomments&post=9"}],"version-history":[{"count":9,"href":"https:\/\/www.huskova.cz\/index.php?rest_route=\/wp\/v2\/pages\/9\/revisions"}],"predecessor-version":[{"id":115,"href":"https:\/\/www.huskova.cz\/index.php?rest_route=\/wp\/v2\/pages\/9\/revisions\/115"}],"up":[{"embeddable":true,"href":"https:\/\/www.huskova.cz\/index.php?rest_route=\/wp\/v2\/pages\/8"}],"wp:attachment":[{"href":"https:\/\/www.huskova.cz\/index.php?rest_route=%2Fwp%2Fv2%2Fmedia&parent=9"}],"curies":[{"name":"wp","href":"https:\/\/api.w.org\/{rel}","templated":true}]}}