{"id":8,"date":"2023-04-26T09:48:41","date_gmt":"2023-04-26T09:48:41","guid":{"rendered":"https:\/\/www.huskova.cz\/?page_id=8"},"modified":"2025-02-18T20:37:13","modified_gmt":"2025-02-18T20:37:13","slug":"otevira-se-nove-umoma-2","status":"publish","type":"page","link":"https:\/\/www.huskova.cz\/","title":{"rendered":"BH da\u0148ov\u00e1 kancel\u00e1\u0159, s.r.o."},"content":{"rendered":"\n<div class=\"wp-block-group alignwide\"><div class=\"wp-block-group__inner-container is-layout-flow wp-block-group-is-layout-flow\">\n<p class=\"has-text-align-left has-primary-color has-text-color has-normal-font-size\">Kancel\u00e1\u0159 da\u0148ov\u00e9ho poradce Ing. Blanky Hu\u0161kov\u00e9<br>poskytuje slu\u017eby v oblastech:<\/p>\n\n\n\n<ul class=\"wp-block-list\">\n<li>da\u0148ov\u00e9 poradenstv\u00ed<\/li>\n\n\n\n<li>veden\u00ed \u00fa\u010detnictv\u00ed a da\u0148ov\u00e9 evidence<\/li>\n\n\n\n<li>zpracov\u00e1n\u00ed mezd<\/li>\n\n\n\n<li>veden\u00ed skladov\u00e9ho hospod\u00e1\u0159stv\u00ed<\/li>\n\n\n\n<li>zpracov\u00e1n\u00ed da\u0148ov\u00fdch p\u0159izn\u00e1n\u00ed<\/li>\n\n\n\n<li>odklad term\u00ednu pro pod\u00e1n\u00ed a placen\u00ed dan\u011b z p\u0159\u00edjmu<\/li>\n\n\n\n<li>da\u0148ov\u00e9 dohl\u00eddky v s\u00eddle firem z\u00e1kazn\u00edk\u016f<\/li>\n<\/ul>\n\n\n\n<p class=\"has-primary-color has-text-color has-normal-font-size\">Zastupujeme klienty p\u0159i da\u0148ov\u00fdch kontrol\u00e1ch a jedn\u00e1n\u00edch na finan\u010dn\u00edm \u00fa\u0159adu.<\/p>\n\n\n\n<h2 class=\"wp-block-heading has-accent-color has-text-color\">Slu\u017eby<\/h2>\n\n\n\n<p class=\"has-accent-color has-text-color\"><strong>Da\u0148ov\u00e1 evidence (jednoduch\u00e9 \u00fa\u010detnictv\u00ed)<\/strong><\/p>\n\n\n\n<ul class=\"wp-block-list\">\n<li>zpracov\u00e1n\u00ed \u00fa\u010detn\u00edch doklad\u016f pro DPH a veden\u00ed da\u0148ov\u00e9 evidence<\/li>\n\n\n\n<li>ro\u010dn\u00ed p\u0159ehled p\u0159\u00edjm\u016f a v\u00fddaj\u016f, pohled\u00e1vky a z\u00e1vazky<\/li>\n\n\n\n<li>optimalizace z\u00e1kladu dan\u011b z p\u0159\u00edjm\u016f<\/li>\n\n\n\n<li>veden\u00ed DPH i pro FO uplat\u0148uj\u00edc\u00ed v\u00fddaje pau\u0161\u00e1lem<\/li>\n<\/ul>\n<\/div><\/div>\n\n\n\n<p class=\"has-accent-color has-text-color\"><strong>\u00da\u010detnictv\u00ed (podvojn\u00e9 \u00fa\u010detnictv\u00ed)<\/strong><\/p>\n\n\n\n<ul class=\"wp-block-list\">\n<li>zpracov\u00e1n\u00ed \u00fa\u010detn\u00edch doklad\u016f pro DPH a veden\u00ed \u00fa\u010detnictv\u00ed<\/li>\n\n\n\n<li>ro\u010dn\u00ed \u00fa\u010detn\u00ed z\u00e1v\u011brka, inventarizace z\u016fstatk\u016f na rozvahov\u00fdch \u00fa\u010dtech<\/li>\n\n\n\n<li>optimalizace z\u00e1kladu dan\u011b z p\u0159\u00edjm\u016f<\/li>\n\n\n\n<li>v p\u0159\u00edpad\u011b po\u017eadavk\u016f podklady podle auditora<\/li>\n\n\n\n<li>zpracov\u00e1n\u00ed da\u0148ov\u00e9ho p\u0159izn\u00e1n\u00ed FO vedouc\u00ed \u00fa\u010detnictv\u00ed<\/li>\n\n\n\n<li>zpracov\u00e1n\u00ed da\u0148ov\u00e9ho p\u0159izn\u00e1n\u00ed pr\u00e1vnick\u00fdch osob<\/li>\n<\/ul>\n\n\n\n<p class=\"has-accent-color has-text-color\"><strong>P\u0159echod da\u0148ov\u00e9 evidence na \u00fa\u010detnictv\u00ed \u2013 optimalizace, rozlo\u017een\u00ed da\u0148ov\u00e9 z\u00e1t\u011b\u017ee<\/strong>.<\/p>\n\n\n\n<p class=\"has-accent-color has-text-color\"><strong>Da\u0148ov\u00e1 p\u0159izn\u00e1n\u00ed<\/strong><\/p>\n\n\n\n<ul class=\"wp-block-list\">\n<li>da\u0148 z p\u0159idan\u00e9 hodnoty<\/li>\n\n\n\n<li>souhrnn\u00e9 hl\u00e1\u0161en\u00ed k DPH<\/li>\n\n\n\n<li>p\u0159izn\u00e1n\u00ed k dani silni\u010dn\u00ed<\/li>\n\n\n\n<li>p\u0159izn\u00e1n\u00ed k dani darovac\u00ed<\/li>\n\n\n\n<li>p\u0159izn\u00e1n\u00ed k dani d\u011bdick\u00e9<\/li>\n\n\n\n<li>p\u0159izn\u00e1n\u00ed k dani z nemovitost\u00ed<\/li>\n\n\n\n<li>p\u0159izn\u00e1n\u00ed k dani z p\u0159evodu nemovitost\u00ed<\/li>\n<\/ul>\n\n\n\n<p class=\"has-accent-color has-text-color\"><strong>Zpracov\u00e1n\u00ed mezd a personalistika<\/strong><\/p>\n\n\n\n<ul class=\"wp-block-list\">\n<li>v\u00fdpo\u010det mezd, veden\u00ed mzdov\u00fdch a eviden\u010dn\u00edch list\u016f d\u016fchodov\u00e9ho poji\u0161t\u011bn\u00ed<\/li>\n\n\n\n<li>p\u0159ihl\u00e1\u0161ky, odhl\u00e1\u0161ky zam\u011bstnanc\u016f<\/li>\n\n\n\n<li>m\u011bs\u00ed\u010dn\u00ed hl\u00e1\u0161en\u00ed pro soci\u00e1ln\u00ed spr\u00e1vu a zdravotn\u00ed poji\u0161\u0165ovny<\/li>\n\n\n\n<li>zpracov\u00e1n\u00ed vy\u00fa\u010dtov\u00e1n\u00ed dan\u011b z p\u0159\u00edjm\u016f fyzick\u00fdch osob ze z\u00e1visl\u00e9 \u010dinnosti<\/li>\n\n\n\n<li>vy\u00fa\u010dtov\u00e1n\u00ed dan\u011b vyb\u00edran\u00e9 sr\u00e1\u017ekou pro finan\u010dn\u00ed \u00fa\u0159ady<\/li>\n\n\n\n<li>ro\u010dn\u00ed z\u00fa\u010dtov\u00e1n\u00ed dan\u011b zam\u011bstnanc\u016fm<\/li>\n\n\n\n<li>veden\u00ed person\u00e1ln\u00ed agendy<\/li>\n<\/ul>\n","protected":false},"excerpt":{"rendered":"<p>Kancel\u00e1\u0159 da\u0148ov\u00e9ho poradce Ing. Blanky Hu\u0161kov\u00e9poskytuje slu\u017eby v oblastech: Zastupujeme klienty p\u0159i da\u0148ov\u00fdch kontrol\u00e1ch a jedn\u00e1n\u00edch na finan\u010dn\u00edm \u00fa\u0159adu. Slu\u017eby Da\u0148ov\u00e1 evidence (jednoduch\u00e9 \u00fa\u010detnictv\u00ed) \u00da\u010detnictv\u00ed (podvojn\u00e9 \u00fa\u010detnictv\u00ed) P\u0159echod da\u0148ov\u00e9 evidence na \u00fa\u010detnictv\u00ed \u2013 optimalizace, rozlo\u017een\u00ed da\u0148ov\u00e9 z\u00e1t\u011b\u017ee. Da\u0148ov\u00e1 p\u0159izn\u00e1n\u00ed Zpracov\u00e1n\u00ed mezd a personalistika<\/p>\n","protected":false},"author":2,"featured_media":0,"parent":0,"menu_order":0,"comment_status":"closed","ping_status":"closed","template":"","meta":{"footnotes":""},"class_list":["post-8","page","type-page","status-publish","hentry"],"_links":{"self":[{"href":"https:\/\/www.huskova.cz\/index.php?rest_route=\/wp\/v2\/pages\/8","targetHints":{"allow":["GET"]}}],"collection":[{"href":"https:\/\/www.huskova.cz\/index.php?rest_route=\/wp\/v2\/pages"}],"about":[{"href":"https:\/\/www.huskova.cz\/index.php?rest_route=\/wp\/v2\/types\/page"}],"author":[{"embeddable":true,"href":"https:\/\/www.huskova.cz\/index.php?rest_route=\/wp\/v2\/users\/2"}],"replies":[{"embeddable":true,"href":"https:\/\/www.huskova.cz\/index.php?rest_route=%2Fwp%2Fv2%2Fcomments&post=8"}],"version-history":[{"count":10,"href":"https:\/\/www.huskova.cz\/index.php?rest_route=\/wp\/v2\/pages\/8\/revisions"}],"predecessor-version":[{"id":66,"href":"https:\/\/www.huskova.cz\/index.php?rest_route=\/wp\/v2\/pages\/8\/revisions\/66"}],"wp:attachment":[{"href":"https:\/\/www.huskova.cz\/index.php?rest_route=%2Fwp%2Fv2%2Fmedia&parent=8"}],"curies":[{"name":"wp","href":"https:\/\/api.w.org\/{rel}","templated":true}]}}