{"id":10,"date":"2023-04-26T09:48:41","date_gmt":"2023-04-26T09:48:41","guid":{"rendered":"https:\/\/www.huskova.cz\/?page_id=10"},"modified":"2025-02-19T10:28:53","modified_gmt":"2025-02-19T10:28:53","slug":"kontakt","status":"publish","type":"page","link":"https:\/\/www.huskova.cz\/?page_id=10","title":{"rendered":"Kontakt"},"content":{"rendered":"\n<h2 class=\"wp-block-heading has-text-align-center has-accent-color has-text-color\">BH da\u0148ov\u00e1 kancel\u00e1\u0159, s.r.o.<\/h2>\n\n\n\n<p class=\"has-text-align-center\"> Ing. Blanka Hu\u0161kov\u00e1<\/p>\n\n\n\n<div class=\"wp-block-columns is-layout-flex wp-container-core-columns-is-layout-1 wp-block-columns-is-layout-flex\">\n<div class=\"wp-block-column is-layout-flow wp-block-column-is-layout-flow\">\n<p class=\"has-accent-color has-text-color has-normal-font-size\"><strong>Kancel\u00e1\u0159 Pardubice<\/strong><\/p>\n\n\n\n<p class=\"has-normal-font-size\">Da\u0161ick\u00e1 323<br>530 03 Pardubice<br>Tel.: 466 610 177<br>mobil: 605 805 288<br>pardubice@huskova.cz<\/p>\n<\/div>\n\n\n\n<div class=\"wp-block-column is-layout-flow wp-block-column-is-layout-flow\">\n<p class=\"has-accent-color has-text-color has-normal-font-size\"><strong>Kancel\u00e1\u0159 T\u011bchon\u00edn<\/strong><\/p>\n\n\n\n<p class=\"has-normal-font-size\">T\u011bchon\u00edn 6<br>561 66 T\u011bchon\u00edn<br>Tel.: 465 635 802<br>mobil: 605 077 895 techonin@huskova.cz<\/p>\n\n\n\n<p class=\"has-accent-color has-text-color has-normal-font-size\"><strong>Kancel\u00e1\u0159 <\/strong>\u017damberk<\/p>\n\n\n\n<p class=\"has-normal-font-size\">Masarykovo n\u00e1m. 146<br>564 01 \u017damberk<br>mobil: 601 548 246<br>zamberk@huskova.cz<\/p>\n<\/div>\n<\/div>\n\n\n\n<p><\/p>\n","protected":false},"excerpt":{"rendered":"<p>BH da\u0148ov\u00e1 kancel\u00e1\u0159, s.r.o. Ing. Blanka Hu\u0161kov\u00e1 Kancel\u00e1\u0159 Pardubice Da\u0161ick\u00e1 323530 03 PardubiceTel.: 466 610 177mobil: 605 805 288pardubice@huskova.cz Kancel\u00e1\u0159 T\u011bchon\u00edn T\u011bchon\u00edn 6561 66 T\u011bchon\u00ednTel.: 465 635 802mobil: 605 077 895 techonin@huskova.cz Kancel\u00e1\u0159 \u017damberk Masarykovo n\u00e1m. 146564 01 \u017damberkmobil: 601 548 246zamberk@huskova.cz<\/p>\n","protected":false},"author":2,"featured_media":0,"parent":8,"menu_order":0,"comment_status":"closed","ping_status":"closed","template":"","meta":{"footnotes":""},"class_list":["post-10","page","type-page","status-publish","hentry"],"_links":{"self":[{"href":"https:\/\/www.huskova.cz\/index.php?rest_route=\/wp\/v2\/pages\/10","targetHints":{"allow":["GET"]}}],"collection":[{"href":"https:\/\/www.huskova.cz\/index.php?rest_route=\/wp\/v2\/pages"}],"about":[{"href":"https:\/\/www.huskova.cz\/index.php?rest_route=\/wp\/v2\/types\/page"}],"author":[{"embeddable":true,"href":"https:\/\/www.huskova.cz\/index.php?rest_route=\/wp\/v2\/users\/2"}],"replies":[{"embeddable":true,"href":"https:\/\/www.huskova.cz\/index.php?rest_route=%2Fwp%2Fv2%2Fcomments&post=10"}],"version-history":[{"count":11,"href":"https:\/\/www.huskova.cz\/index.php?rest_route=\/wp\/v2\/pages\/10\/revisions"}],"predecessor-version":[{"id":96,"href":"https:\/\/www.huskova.cz\/index.php?rest_route=\/wp\/v2\/pages\/10\/revisions\/96"}],"up":[{"embeddable":true,"href":"https:\/\/www.huskova.cz\/index.php?rest_route=\/wp\/v2\/pages\/8"}],"wp:attachment":[{"href":"https:\/\/www.huskova.cz\/index.php?rest_route=%2Fwp%2Fv2%2Fmedia&parent=10"}],"curies":[{"name":"wp","href":"https:\/\/api.w.org\/{rel}","templated":true}]}}